{"id":29289,"date":"2020-11-27T09:27:50","date_gmt":"2020-11-27T08:27:50","guid":{"rendered":"https:\/\/demo.segmalog.com\/demoimmo\/?page_id=29289"},"modified":"2020-12-16T08:21:54","modified_gmt":"2020-12-16T07:21:54","slug":"frais-agence-immobiliere-tunisie","status":"publish","type":"page","link":"https:\/\/classimmoweb.com\/?page_id=29289","title":{"rendered":"TARIFS ET COMMISSIONS"},"content":{"rendered":"<p>[vc_row css=\u00a0\u00bb.vc_custom_1608106541458{background-color: #ffffff !important;}\u00a0\u00bb][vc_column][vc_column_text]<\/p>\n<div class=\"yellowtitle\">\n<h3>Honoraires Immobilier Tunisie &#8211; Frais D&rsquo;Agence ClassImmoWeb<\/h3>\n<p>Trouver les d\u00e9tails concernant les frais et tarifs\u00a0de l&rsquo;agence classimmoweb\u00a0selon la loi Tunisienne :<\/p>\n<\/div>\n<p>[\/vc_column_text][vc_column_text]<h2 id=\"tablepress-3-name\" class=\"tablepress-table-name tablepress-table-name-id-3\">\u25ba Tarifs (Visites &amp; Prospections)<\/h2>\n<span id=\"tablepress-3-description\" class=\"tablepress-table-description tablepress-table-description-id-3\">\u2192 Les visites, pour des trajets ne d\u00e9passant pas les 10 km :<br \/>\n<br \/>\nNB*: Ces tarifs seront r\u00e9duits si la visite s\u2019effectue par la voiture du client.<\/span>\n\n<table id=\"tablepress-3\" class=\"tablepress tablepress-id-3\" aria-labelledby=\"tablepress-3-name\" aria-describedby=\"tablepress-3-description\">\n<thead>\n<tr class=\"row-1 odd\">\n\t<th class=\"column-1\">Type de bien immobilier\t<\/th><th class=\"column-2\">Prix &amp; Tarif (DT)<br \/>\n<\/th>\n<\/tr>\n<\/thead>\n<tbody>\n<tr class=\"row-2 even\">\n\t<td class=\"column-1\">Maison ou appartement \u00e0 louer: \t<\/td><td class=\"column-2\">20,00<\/td>\n<\/tr>\n<tr class=\"row-3 odd\">\n\t<td class=\"column-1\">Maison ou appartement \u00e0 vendre : \t<\/td><td class=\"column-2\">30,00<\/td>\n<\/tr>\n<tr class=\"row-4 even\">\n\t<td class=\"column-1\">Local commercial ou industriel :\t<\/td><td class=\"column-2\">40,00<\/td>\n<\/tr>\n<tr class=\"row-5 odd\">\n\t<td class=\"column-1\"><strong>Prospections<\/strong><\/td><td class=\"column-2\"><strong>Prix &amp; Tarif (DT)<\/strong><br \/>\n<\/td>\n<\/tr>\n<tr class=\"row-6 even\">\n\t<td class=\"column-1\">D\u00e9tails + photos :  \t<\/td><td class=\"column-2\">50,00<br \/>\n<\/td>\n<\/tr>\n<tr class=\"row-7 odd\">\n\t<td class=\"column-1\">D\u00e9tails + photos + enregistrement vid\u00e9o 360\u00b0 : \t<\/td><td class=\"column-2\">100,00<\/td>\n<\/tr>\n<\/tbody>\n<\/table>\n<!-- #tablepress-3 from cache -->[\/vc_column_text][vc_column_text]<h2 id=\"tablepress-4-name\" class=\"tablepress-table-name tablepress-table-name-id-4\">\u25ba Tarifs (Annonces immobilier en Tunisie)<\/h2>\n<span id=\"tablepress-4-description\" class=\"tablepress-table-description tablepress-table-description-id-4\">\u2192 Les annonces immobili\u00e8res :<\/span>\n\n<table id=\"tablepress-4\" class=\"tablepress tablepress-id-4\" aria-labelledby=\"tablepress-4-name\" aria-describedby=\"tablepress-4-description\">\n<thead>\n<tr class=\"row-1 odd\">\n\t<th class=\"column-1\">Annonces parues\t<\/th><th class=\"column-2\">Prix &amp; Tarif (DT)<br \/>\n<\/th>\n<\/tr>\n<\/thead>\n<tbody>\n<tr class=\"row-2 even\">\n\t<td class=\"column-1\">\u00e0 la press: \t<\/td><td class=\"column-2\">30,00 \/ parution<br \/>\n<\/td>\n<\/tr>\n<tr class=\"row-3 odd\">\n\t<td class=\"column-1\">dans le web : \t<\/td><td class=\"column-2\">50,00 \/ 3 mois<br \/>\n<\/td>\n<\/tr>\n<tr class=\"row-4 even\">\n\t<td class=\"column-1\">dans notre site :\t<\/td><td class=\"column-2\">90,00 \/ 3mois<br \/>\n<\/td>\n<\/tr>\n<\/tbody>\n<\/table>\n<!-- #tablepress-4 from cache -->[\/vc_column_text][vc_column_text]<h2 id=\"tablepress-5-name\" class=\"tablepress-table-name tablepress-table-name-id-5\">\u25baCommessions (Vente &amp; Location Immobilier)<\/h2>\n<span id=\"tablepress-5-description\" class=\"tablepress-table-description tablepress-table-description-id-5\">\u2192 Les commessions (Vente &amp; Location Immobilier en Tunisie) :<br \/>\n<br \/>\n<em>NB*: Les frais de visites, de prospections et des annonces seront d\u00e9duits et rembours\u00e9s en cas d\u2019ex\u00e9cution d\u2019acte de location ou de vente. <\/em><br \/>\n<br \/>\n<\/span>\n\n<table id=\"tablepress-5\" class=\"tablepress tablepress-id-5\" aria-labelledby=\"tablepress-5-name\" aria-describedby=\"tablepress-5-description\">\n<thead>\n<tr class=\"row-1 odd\">\n\t<th class=\"column-1\">Les Commessions\t<\/th><th class=\"column-2\">Prix &amp; Tarif (DT)<br \/>\n<\/th>\n<\/tr>\n<\/thead>\n<tbody>\n<tr class=\"row-2 even\">\n\t<td class=\"column-1\">Location annuelle: \t<\/td><td class=\"column-2\"><span style=\"color:#FF0000;\"><strong>10%<\/strong><\/span> du montant annuel \u00e0 partager \u00e9quitablement entre le propri\u00e9taire et le locataire.<\/td>\n<\/tr>\n<tr class=\"row-3 odd\">\n\t<td class=\"column-1\">Location vacances : \t<\/td><td class=\"column-2\"><span style=\"color:#FF0000;\"><strong>20%<\/strong><\/span> du montant global \u00e0 partager \u00e9quitablement entre le propri\u00e9taire et le locataire.<\/td>\n<\/tr>\n<tr class=\"row-4 even\">\n\t<td class=\"column-1\">Vente (villa, appartement et terrain) :<\/td><td class=\"column-2\">- <span style=\"color:#FF0000;\"><strong>3%<\/strong><\/span> par le vendeur sur la totalit\u00e9 du prix de vente.<br \/>\n<br \/>\n- <span style=\"color:#FF0000;\"><strong>2%<\/strong><\/span> par l\u2019acqu\u00e9reur sur la totalit\u00e9 du prix de vente.<\/td>\n<\/tr>\n<\/tbody>\n<\/table>\n<!-- #tablepress-5 from cache -->[\/vc_column_text][\/vc_column][\/vc_row]<\/p>\n","protected":false},"excerpt":{"rendered":"<p>[vc_row css=\u00a0\u00bb.vc_custom_1608106541458{background-color: #ffffff !important;}\u00a0\u00bb][vc_column][vc_column_text] Honoraires Immobilier Tunisie &#8211; Frais D&rsquo;Agence ClassImmoWeb Trouver les d\u00e9tails concernant les frais et tarifs\u00a0de l&rsquo;agence classimmoweb\u00a0selon la loi Tunisienne : [\/vc_column_text][vc_column_text][\/vc_column_text][vc_column_text][\/vc_column_text][vc_column_text][\/vc_column_text][\/vc_column][\/vc_row]<\/p>\n","protected":false},"author":49,"featured_media":0,"parent":0,"menu_order":0,"comment_status":"closed","ping_status":"closed","template":"","meta":[],"yoast_head":"<!-- This site is optimized with the Yoast SEO plugin v20.7 - https:\/\/yoast.com\/wordpress\/plugins\/seo\/ -->\n<title>TARIFS ET COMMISSIONS - Classimmoweb.com<\/title>\n<meta name=\"description\" content=\"Avec l&#039;agence immobiliere Classimmoweb : Trouvez le bien immobilier id\u00e9al en Tunisie avec des annonces propos\u00e9es par les professionnels de l&#039;Immobilier.\" \/>\n<meta name=\"robots\" content=\"index, follow, max-snippet:-1, max-image-preview:large, max-video-preview:-1\" \/>\n<link rel=\"canonical\" href=\"https:\/\/classimmoweb.com\/?page_id=29289\" \/>\n<meta property=\"og:locale\" content=\"fr_FR\" \/>\n<meta property=\"og:type\" content=\"article\" \/>\n<meta property=\"og:title\" content=\"TARIFS ET COMMISSIONS - Classimmoweb.com\" \/>\n<meta property=\"og:description\" content=\"Avec l&#039;agence immobiliere Classimmoweb : Trouvez le bien immobilier id\u00e9al en Tunisie avec des annonces propos\u00e9es par les professionnels de l&#039;Immobilier.\" \/>\n<meta property=\"og:url\" content=\"https:\/\/classimmoweb.com\/?page_id=29289\" \/>\n<meta property=\"og:site_name\" content=\"Classimmoweb.com\" \/>\n<meta property=\"article:publisher\" content=\"https:\/\/www.facebook.com\/classimmoweb\" \/>\n<meta property=\"article:modified_time\" content=\"2020-12-16T07:21:54+00:00\" \/>\n<meta property=\"og:image\" content=\"https:\/\/classimmoweb.com\/wp-content\/uploads\/2020\/12\/agence-immobiliere-tunisie-classimmoweb.jpg\" \/>\n\t<meta property=\"og:image:width\" content=\"1200\" \/>\n\t<meta property=\"og:image:height\" content=\"630\" \/>\n\t<meta property=\"og:image:type\" content=\"image\/jpeg\" \/>\n<meta name=\"twitter:card\" content=\"summary_large_image\" \/>\n<script type=\"application\/ld+json\" class=\"yoast-schema-graph\">{\"@context\":\"https:\/\/schema.org\",\"@graph\":[{\"@type\":\"WebPage\",\"@id\":\"https:\/\/classimmoweb.com\/?page_id=29289\",\"url\":\"https:\/\/classimmoweb.com\/?page_id=29289\",\"name\":\"TARIFS ET COMMISSIONS - Classimmoweb.com\",\"isPartOf\":{\"@id\":\"https:\/\/classimmoweb.com\/#website\"},\"datePublished\":\"2020-11-27T08:27:50+00:00\",\"dateModified\":\"2020-12-16T07:21:54+00:00\",\"description\":\"Avec l'agence immobiliere Classimmoweb : Trouvez le bien immobilier id\u00e9al en Tunisie avec des annonces propos\u00e9es par les professionnels de l'Immobilier.\",\"breadcrumb\":{\"@id\":\"https:\/\/classimmoweb.com\/?page_id=29289#breadcrumb\"},\"inLanguage\":\"fr-FR\",\"potentialAction\":[{\"@type\":\"ReadAction\",\"target\":[\"https:\/\/classimmoweb.com\/?page_id=29289\"]}]},{\"@type\":\"BreadcrumbList\",\"@id\":\"https:\/\/classimmoweb.com\/?page_id=29289#breadcrumb\",\"itemListElement\":[{\"@type\":\"ListItem\",\"position\":1,\"name\":\"Accueil\",\"item\":\"https:\/\/classimmoweb.com\/\"},{\"@type\":\"ListItem\",\"position\":2,\"name\":\"TARIFS ET COMMISSIONS\"}]},{\"@type\":\"WebSite\",\"@id\":\"https:\/\/classimmoweb.com\/#website\",\"url\":\"https:\/\/classimmoweb.com\/\",\"name\":\"Classimmoweb.com\",\"description\":\"Classimmo\",\"publisher\":{\"@id\":\"https:\/\/classimmoweb.com\/#organization\"},\"potentialAction\":[{\"@type\":\"SearchAction\",\"target\":{\"@type\":\"EntryPoint\",\"urlTemplate\":\"https:\/\/classimmoweb.com\/?s={search_term_string}\"},\"query-input\":\"required name=search_term_string\"}],\"inLanguage\":\"fr-FR\"},{\"@type\":\"Organization\",\"@id\":\"https:\/\/classimmoweb.com\/#organization\",\"name\":\"Classimmoweb\",\"url\":\"https:\/\/classimmoweb.com\/\",\"logo\":{\"@type\":\"ImageObject\",\"inLanguage\":\"fr-FR\",\"@id\":\"https:\/\/classimmoweb.com\/#\/schema\/logo\/image\/\",\"url\":\"http:\/\/localhost\/immo\/wp-content\/uploads\/2020\/12\/logo-classimmoweb.jpg\",\"contentUrl\":\"http:\/\/localhost\/immo\/wp-content\/uploads\/2020\/12\/logo-classimmoweb.jpg\",\"width\":192,\"height\":54,\"caption\":\"Classimmoweb\"},\"image\":{\"@id\":\"https:\/\/classimmoweb.com\/#\/schema\/logo\/image\/\"},\"sameAs\":[\"https:\/\/www.facebook.com\/classimmoweb\",\"https:\/\/www.instagram.com\/classimmo\/\",\"https:\/\/www.youtube.com\/channel\/UCSx7VSj2FLLMA1ET9n4Sk3A\"]}]}<\/script>\n<!-- \/ Yoast SEO plugin. -->","yoast_head_json":{"title":"TARIFS ET COMMISSIONS - Classimmoweb.com","description":"Avec l'agence immobiliere Classimmoweb : Trouvez le bien immobilier id\u00e9al en Tunisie avec des annonces propos\u00e9es par les professionnels de l'Immobilier.","robots":{"index":"index","follow":"follow","max-snippet":"max-snippet:-1","max-image-preview":"max-image-preview:large","max-video-preview":"max-video-preview:-1"},"canonical":"https:\/\/classimmoweb.com\/?page_id=29289","og_locale":"fr_FR","og_type":"article","og_title":"TARIFS ET COMMISSIONS - Classimmoweb.com","og_description":"Avec l'agence immobiliere Classimmoweb : Trouvez le bien immobilier id\u00e9al en Tunisie avec des annonces propos\u00e9es par les professionnels de l'Immobilier.","og_url":"https:\/\/classimmoweb.com\/?page_id=29289","og_site_name":"Classimmoweb.com","article_publisher":"https:\/\/www.facebook.com\/classimmoweb","article_modified_time":"2020-12-16T07:21:54+00:00","og_image":[{"width":1200,"height":630,"url":"https:\/\/classimmoweb.com\/wp-content\/uploads\/2020\/12\/agence-immobiliere-tunisie-classimmoweb.jpg","type":"image\/jpeg"}],"twitter_card":"summary_large_image","schema":{"@context":"https:\/\/schema.org","@graph":[{"@type":"WebPage","@id":"https:\/\/classimmoweb.com\/?page_id=29289","url":"https:\/\/classimmoweb.com\/?page_id=29289","name":"TARIFS ET COMMISSIONS - Classimmoweb.com","isPartOf":{"@id":"https:\/\/classimmoweb.com\/#website"},"datePublished":"2020-11-27T08:27:50+00:00","dateModified":"2020-12-16T07:21:54+00:00","description":"Avec l'agence immobiliere Classimmoweb : Trouvez le bien immobilier id\u00e9al en Tunisie avec des annonces propos\u00e9es par les professionnels de l'Immobilier.","breadcrumb":{"@id":"https:\/\/classimmoweb.com\/?page_id=29289#breadcrumb"},"inLanguage":"fr-FR","potentialAction":[{"@type":"ReadAction","target":["https:\/\/classimmoweb.com\/?page_id=29289"]}]},{"@type":"BreadcrumbList","@id":"https:\/\/classimmoweb.com\/?page_id=29289#breadcrumb","itemListElement":[{"@type":"ListItem","position":1,"name":"Accueil","item":"https:\/\/classimmoweb.com\/"},{"@type":"ListItem","position":2,"name":"TARIFS ET COMMISSIONS"}]},{"@type":"WebSite","@id":"https:\/\/classimmoweb.com\/#website","url":"https:\/\/classimmoweb.com\/","name":"Classimmoweb.com","description":"Classimmo","publisher":{"@id":"https:\/\/classimmoweb.com\/#organization"},"potentialAction":[{"@type":"SearchAction","target":{"@type":"EntryPoint","urlTemplate":"https:\/\/classimmoweb.com\/?s={search_term_string}"},"query-input":"required name=search_term_string"}],"inLanguage":"fr-FR"},{"@type":"Organization","@id":"https:\/\/classimmoweb.com\/#organization","name":"Classimmoweb","url":"https:\/\/classimmoweb.com\/","logo":{"@type":"ImageObject","inLanguage":"fr-FR","@id":"https:\/\/classimmoweb.com\/#\/schema\/logo\/image\/","url":"http:\/\/localhost\/immo\/wp-content\/uploads\/2020\/12\/logo-classimmoweb.jpg","contentUrl":"http:\/\/localhost\/immo\/wp-content\/uploads\/2020\/12\/logo-classimmoweb.jpg","width":192,"height":54,"caption":"Classimmoweb"},"image":{"@id":"https:\/\/classimmoweb.com\/#\/schema\/logo\/image\/"},"sameAs":["https:\/\/www.facebook.com\/classimmoweb","https:\/\/www.instagram.com\/classimmo\/","https:\/\/www.youtube.com\/channel\/UCSx7VSj2FLLMA1ET9n4Sk3A"]}]}},"_links":{"self":[{"href":"https:\/\/classimmoweb.com\/index.php?rest_route=\/wp\/v2\/pages\/29289"}],"collection":[{"href":"https:\/\/classimmoweb.com\/index.php?rest_route=\/wp\/v2\/pages"}],"about":[{"href":"https:\/\/classimmoweb.com\/index.php?rest_route=\/wp\/v2\/types\/page"}],"author":[{"embeddable":true,"href":"https:\/\/classimmoweb.com\/index.php?rest_route=\/wp\/v2\/users\/49"}],"replies":[{"embeddable":true,"href":"https:\/\/classimmoweb.com\/index.php?rest_route=%2Fwp%2Fv2%2Fcomments&post=29289"}],"version-history":[{"count":0,"href":"https:\/\/classimmoweb.com\/index.php?rest_route=\/wp\/v2\/pages\/29289\/revisions"}],"wp:attachment":[{"href":"https:\/\/classimmoweb.com\/index.php?rest_route=%2Fwp%2Fv2%2Fmedia&parent=29289"}],"curies":[{"name":"wp","href":"https:\/\/api.w.org\/{rel}","templated":true}]}}